{"id":20,"date":"2015-06-16T11:00:00","date_gmt":"2015-06-16T10:00:00","guid":{"rendered":"http:\/\/yann-gobert-sergent.com\/?page_id=20"},"modified":"2023-03-17T16:20:41","modified_gmt":"2023-03-17T15:20:41","slug":"002-2","status":"publish","type":"page","link":"https:\/\/yann-gobert-sergent.com\/","title":{"rendered":"Accueil"},"content":{"rendered":"<p>Yann Gobert-Sergent<\/p>\n<p>Docteur en Histoire<\/p>\n<p>Pr\u00e9sident de la <em>Fondation Victor Dupont<\/em><\/p>\n<p>Membre de <em>M\u00e9moire d&rsquo;Opale<\/em> et du <em>Cercle Historique du Boulonnais<\/em><\/p>\n<p>Sp\u00e9cialiste de\u00a0l&rsquo;histoire, du patrimoine et de l&rsquo;art maritimes de la C\u00f4te d&rsquo;Opale (17<sup>\u00e8me<\/sup>-19<sup>\u00e8me<\/sup> si\u00e8cles) &#8211; Hauts-de-France, Nord-Pas-de-Calais<\/p>\n<p>Commissaire d&rsquo;exposition<\/p>\n<p>Contact : yann.gobert@free.fr<\/p>\n<blockquote class=\"wp-embedded-content\" data-secret=\"WgpdqmZlUJ\"><p><a href=\"https:\/\/lespeintresdelacotedopale.com\/\">Les Peintres de la C\u00f4te d&rsquo;Opale &#8211; Accueil<\/a><\/p><\/blockquote>\n<p><iframe loading=\"lazy\" class=\"wp-embedded-content\" sandbox=\"allow-scripts\" security=\"restricted\" style=\"position: absolute; visibility: hidden;\" title=\"\u00ab\u00a0Les Peintres de la C\u00f4te d&rsquo;Opale &#8211; Accueil\u00a0\u00bb &#8212; \" src=\"https:\/\/lespeintresdelacotedopale.com\/embed\/#?secret=vtrMrS5ZLE#?secret=WgpdqmZlUJ\" data-secret=\"WgpdqmZlUJ\" width=\"474\" height=\"267\" frameborder=\"0\" marginwidth=\"0\" marginheight=\"0\" scrolling=\"no\"><\/iframe><\/p>\n<p>&nbsp;<\/p>\n<figure id=\"attachment_188\" aria-describedby=\"caption-attachment-188\" style=\"width: 2048px\" class=\"wp-caption alignnone\"><a href=\"http:\/\/yann-gobert-sergent.com\/wp-content\/uploads\/2015\/06\/CORDINGLEY.jpg\"><img loading=\"lazy\" decoding=\"async\" class=\"size-full wp-image-188\" src=\"http:\/\/yann-gobert-sergent.com\/wp-content\/uploads\/2015\/06\/CORDINGLEY.jpg\" alt=\"&quot;Le Port de Boulogne-sur-mer&quot; par Georges Ricard-Cordingley, huile sur toile (107 cm x 65cm), 1899, collection Yann Gobert-Sergent.\" width=\"2048\" height=\"1131\" srcset=\"https:\/\/yann-gobert-sergent.com\/wp-content\/uploads\/2015\/06\/CORDINGLEY.jpg 2048w, https:\/\/yann-gobert-sergent.com\/wp-content\/uploads\/2015\/06\/CORDINGLEY-300x166.jpg 300w, https:\/\/yann-gobert-sergent.com\/wp-content\/uploads\/2015\/06\/CORDINGLEY-1024x566.jpg 1024w, https:\/\/yann-gobert-sergent.com\/wp-content\/uploads\/2015\/06\/CORDINGLEY-672x372.jpg 672w\" sizes=\"auto, (max-width: 2048px) 100vw, 2048px\" \/><\/a><figcaption id=\"caption-attachment-188\" class=\"wp-caption-text\">\u00ab\u00a0Le Port de Boulogne-sur-mer\u00a0\u00bb par Georges Ricard-Cordingley, huile sur toile (107 cm x 65 cm), 1899, collection Yann Gobert-Sergent.<\/figcaption><\/figure>\n","protected":false},"excerpt":{"rendered":"<p>Yann Gobert-Sergent Docteur en Histoire Pr\u00e9sident de la Fondation Victor Dupont Membre de M\u00e9moire d&rsquo;Opale et du Cercle Historique du Boulonnais Sp\u00e9cialiste de\u00a0l&rsquo;histoire, du patrimoine et de l&rsquo;art maritimes de la C\u00f4te d&rsquo;Opale (17\u00e8me-19\u00e8me si\u00e8cles) &#8211; Hauts-de-France, Nord-Pas-de-Calais Commissaire d&rsquo;exposition Contact : yann.gobert@free.fr Les Peintres de la C\u00f4te d&rsquo;Opale &#8211; Accueil &nbsp;<\/p>\n","protected":false},"author":1,"featured_media":0,"parent":0,"menu_order":0,"comment_status":"open","ping_status":"open","template":"","meta":{"footnotes":""},"class_list":["post-20","page","type-page","status-publish","hentry"],"_links":{"self":[{"href":"https:\/\/yann-gobert-sergent.com\/index.php\/wp-json\/wp\/v2\/pages\/20","targetHints":{"allow":["GET"]}}],"collection":[{"href":"https:\/\/yann-gobert-sergent.com\/index.php\/wp-json\/wp\/v2\/pages"}],"about":[{"href":"https:\/\/yann-gobert-sergent.com\/index.php\/wp-json\/wp\/v2\/types\/page"}],"author":[{"embeddable":true,"href":"https:\/\/yann-gobert-sergent.com\/index.php\/wp-json\/wp\/v2\/users\/1"}],"replies":[{"embeddable":true,"href":"https:\/\/yann-gobert-sergent.com\/index.php\/wp-json\/wp\/v2\/comments?post=20"}],"version-history":[{"count":34,"href":"https:\/\/yann-gobert-sergent.com\/index.php\/wp-json\/wp\/v2\/pages\/20\/revisions"}],"predecessor-version":[{"id":210,"href":"https:\/\/yann-gobert-sergent.com\/index.php\/wp-json\/wp\/v2\/pages\/20\/revisions\/210"}],"wp:attachment":[{"href":"https:\/\/yann-gobert-sergent.com\/index.php\/wp-json\/wp\/v2\/media?parent=20"}],"curies":[{"name":"wp","href":"https:\/\/api.w.org\/{rel}","templated":true}]}}